{"id":1389,"date":"2024-06-14T22:49:27","date_gmt":"2024-06-14T22:49:27","guid":{"rendered":"https:\/\/gribeer.com\/?post_type=product&#038;p=1389"},"modified":"2026-03-03T16:46:53","modified_gmt":"2026-03-03T16:46:53","slug":"alquiler-grifo-de-cerveza-con-30-litros-de-mahou-clasica","status":"publish","type":"product","link":"https:\/\/gribeer.com\/en\/product\/alquiler-grifo-de-cerveza-con-30-litros-de-mahou-clasica\/","title":{"rendered":"Alquiler grifo de cerveza con 30 Litros de Mahou Cl\u00e1sica"},"content":{"rendered":"<p>Alquiler de grifo de cerveza port\u00e1til con un barril de 30 litros de Mahou Cl\u00e1sica.<\/p>\n<p><strong>\u00a1\u00a1\u00a1A\u00f1ade el alquiler de una nevera de 80 cm de alto a un precio de 50\u20ac!!!<\/strong><\/p>","protected":false},"excerpt":{"rendered":"<p><strong><small class=\"woocommerce-price-suffix\">IVA incluido<\/small><\/strong><\/p>\n<div class=\"wprt-container\">\n<p>Alquiler de grifo de cerveza para casa con un barril de 30 Litros de cerveza Mahou Cl\u00e1sica.<\/p>\n<p><strong>Mahou Cl\u00e1sica:<\/strong><\/p>\n<p>Estilo: Pale Lager<br \/>\nColor: Rubia<br \/>\nGraduaci\u00f3n: 4.8\u00ba<br \/>\nIngredientes: agua, malta de\u00a0<strong>cebada<\/strong>, ma\u00edz,\u00a0l\u00fapulo.<br \/>\nAl\u00e9rgenos: contiene gluten.<\/p>\n<\/div>","protected":false},"featured_media":1420,"template":"","meta":{"_monsterinsights_skip_tracking":false,"_monsterinsights_sitenote_active":false,"_monsterinsights_sitenote_note":"","_monsterinsights_sitenote_category":0,"_joinchat":[]},"product_brand":[],"product_cat":[22],"product_tag":[],"class_list":{"0":"post-1389","1":"product","2":"type-product","3":"status-publish","4":"has-post-thumbnail","6":"product_cat-alquileres-en-casa","7":"product_shipping_class-alquiler","9":"first","10":"instock","11":"sale","12":"purchasable","13":"product-type-simple"},"yoast_head":"<!-- This site is optimized with the Yoast SEO plugin v27.4 - https:\/\/yoast.com\/product\/yoast-seo-wordpress\/ -->\n<title>Alquiler grifo de cerveza con 30 Litros de Mahou Cl\u00e1sica - Gribeer<\/title>\n<meta name=\"description\" content=\"Alquiler de grifo de cerveza port\u00e1til para casa con un barril de Mahou Cl\u00e1sica. Grifo de cerveza para fiestas y fin de semana en Madrid.\" \/>\n<meta name=\"robots\" content=\"index, follow, max-snippet:-1, max-image-preview:large, max-video-preview:-1\" \/>\n<link rel=\"canonical\" href=\"https:\/\/gribeer.com\/en\/product\/alquiler-grifo-de-cerveza-con-30-litros-de-mahou-clasica\/\" \/>\n<meta property=\"og:locale\" content=\"en_US\" \/>\n<meta property=\"og:type\" content=\"article\" \/>\n<meta property=\"og:title\" content=\"Alquiler grifo de cerveza con 30 Litros de Mahou Cl\u00e1sica - Gribeer\" \/>\n<meta property=\"og:description\" content=\"Alquiler de grifo de cerveza port\u00e1til para casa con un barril de Mahou Cl\u00e1sica. Grifo de cerveza para fiestas y fin de semana en Madrid.\" \/>\n<meta property=\"og:url\" content=\"https:\/\/gribeer.com\/en\/product\/alquiler-grifo-de-cerveza-con-30-litros-de-mahou-clasica\/\" \/>\n<meta property=\"og:site_name\" content=\"Gribeer\" \/>\n<meta property=\"article:modified_time\" content=\"2026-03-03T16:46:53+00:00\" \/>\n<meta property=\"og:image\" content=\"https:\/\/gribeer.com\/wp-content\/uploads\/2024\/06\/\u00a1Alquiler-grifo-de-cerveza-con-30-Litros-de-Mahou-Clasica.jpg\" \/>\n\t<meta property=\"og:image:width\" content=\"1000\" \/>\n\t<meta property=\"og:image:height\" content=\"1000\" \/>\n\t<meta property=\"og:image:type\" content=\"image\/jpeg\" \/>\n<meta name=\"twitter:card\" content=\"summary_large_image\" \/>\n<meta name=\"twitter:label1\" content=\"Est. reading time\" \/>\n\t<meta name=\"twitter:data1\" content=\"1 minute\" \/>\n<script type=\"application\/ld+json\" class=\"yoast-schema-graph\">{\"@context\":\"https:\\\/\\\/schema.org\",\"@graph\":[{\"@type\":\"WebPage\",\"@id\":\"https:\\\/\\\/gribeer.com\\\/producto\\\/alquiler-grifo-de-cerveza-con-30-litros-de-mahou-clasica\\\/\",\"url\":\"https:\\\/\\\/gribeer.com\\\/producto\\\/alquiler-grifo-de-cerveza-con-30-litros-de-mahou-clasica\\\/\",\"name\":\"Alquiler grifo de cerveza con 30 Litros de Mahou Cl\u00e1sica - Gribeer\",\"isPartOf\":{\"@id\":\"https:\\\/\\\/gribeer.com\\\/#website\"},\"primaryImageOfPage\":{\"@id\":\"https:\\\/\\\/gribeer.com\\\/producto\\\/alquiler-grifo-de-cerveza-con-30-litros-de-mahou-clasica\\\/#primaryimage\"},\"image\":{\"@id\":\"https:\\\/\\\/gribeer.com\\\/producto\\\/alquiler-grifo-de-cerveza-con-30-litros-de-mahou-clasica\\\/#primaryimage\"},\"thumbnailUrl\":\"https:\\\/\\\/gribeer.com\\\/wp-content\\\/uploads\\\/2024\\\/06\\\/\u00a1Alquiler-grifo-de-cerveza-con-30-Litros-de-Mahou-Clasica.jpg\",\"datePublished\":\"2024-06-14T22:49:27+00:00\",\"dateModified\":\"2026-03-03T16:46:53+00:00\",\"description\":\"Alquiler de grifo de cerveza port\u00e1til para casa con un barril de Mahou Cl\u00e1sica. Grifo de cerveza para fiestas y fin de semana en Madrid.\",\"breadcrumb\":{\"@id\":\"https:\\\/\\\/gribeer.com\\\/producto\\\/alquiler-grifo-de-cerveza-con-30-litros-de-mahou-clasica\\\/#breadcrumb\"},\"inLanguage\":\"en-US\",\"potentialAction\":[{\"@type\":\"ReadAction\",\"target\":[\"https:\\\/\\\/gribeer.com\\\/producto\\\/alquiler-grifo-de-cerveza-con-30-litros-de-mahou-clasica\\\/\"]}]},{\"@type\":\"ImageObject\",\"inLanguage\":\"en-US\",\"@id\":\"https:\\\/\\\/gribeer.com\\\/producto\\\/alquiler-grifo-de-cerveza-con-30-litros-de-mahou-clasica\\\/#primaryimage\",\"url\":\"https:\\\/\\\/gribeer.com\\\/wp-content\\\/uploads\\\/2024\\\/06\\\/\u00a1Alquiler-grifo-de-cerveza-con-30-Litros-de-Mahou-Clasica.jpg\",\"contentUrl\":\"https:\\\/\\\/gribeer.com\\\/wp-content\\\/uploads\\\/2024\\\/06\\\/\u00a1Alquiler-grifo-de-cerveza-con-30-Litros-de-Mahou-Clasica.jpg\",\"width\":1000,\"height\":1000},{\"@type\":\"BreadcrumbList\",\"@id\":\"https:\\\/\\\/gribeer.com\\\/producto\\\/alquiler-grifo-de-cerveza-con-30-litros-de-mahou-clasica\\\/#breadcrumb\",\"itemListElement\":[{\"@type\":\"ListItem\",\"position\":1,\"name\":\"Portada\",\"item\":\"https:\\\/\\\/gribeer.com\\\/\"},{\"@type\":\"ListItem\",\"position\":2,\"name\":\"Tienda\",\"item\":\"https:\\\/\\\/gribeer.com\\\/compra-de-barriles-de-cerveza\\\/\"},{\"@type\":\"ListItem\",\"position\":3,\"name\":\"Alquiler grifo de cerveza con 30 Litros de Mahou Cl\u00e1sica\"}]},{\"@type\":\"WebSite\",\"@id\":\"https:\\\/\\\/gribeer.com\\\/#website\",\"url\":\"https:\\\/\\\/gribeer.com\\\/\",\"name\":\"Gribeer\",\"description\":\"Alquiler de Grifos de Cerveza en Madrid y Servicio de Bebidas para Eventos y Fiestas\",\"publisher\":{\"@id\":\"https:\\\/\\\/gribeer.com\\\/#organization\"},\"potentialAction\":[{\"@type\":\"SearchAction\",\"target\":{\"@type\":\"EntryPoint\",\"urlTemplate\":\"https:\\\/\\\/gribeer.com\\\/?s={search_term_string}\"},\"query-input\":{\"@type\":\"PropertyValueSpecification\",\"valueRequired\":true,\"valueName\":\"search_term_string\"}}],\"inLanguage\":\"en-US\"},{\"@type\":\"Organization\",\"@id\":\"https:\\\/\\\/gribeer.com\\\/#organization\",\"name\":\"Gribeer\",\"url\":\"https:\\\/\\\/gribeer.com\\\/\",\"logo\":{\"@type\":\"ImageObject\",\"inLanguage\":\"en-US\",\"@id\":\"https:\\\/\\\/gribeer.com\\\/#\\\/schema\\\/logo\\\/image\\\/\",\"url\":\"https:\\\/\\\/gribeer.com\\\/wp-content\\\/uploads\\\/2024\\\/05\\\/Logo-GriBeer-e1585653685867-3.png\",\"contentUrl\":\"https:\\\/\\\/gribeer.com\\\/wp-content\\\/uploads\\\/2024\\\/05\\\/Logo-GriBeer-e1585653685867-3.png\",\"width\":522,\"height\":210,\"caption\":\"Gribeer\"},\"image\":{\"@id\":\"https:\\\/\\\/gribeer.com\\\/#\\\/schema\\\/logo\\\/image\\\/\"}}]}<\/script>\n<!-- \/ Yoast SEO plugin. -->","yoast_head_json":{"title":"Alquiler grifo de cerveza con 30 Litros de Mahou Cl\u00e1sica - Gribeer","description":"Alquiler de grifo de cerveza port\u00e1til para casa con un barril de Mahou Cl\u00e1sica. Grifo de cerveza para fiestas y fin de semana en Madrid.","robots":{"index":"index","follow":"follow","max-snippet":"max-snippet:-1","max-image-preview":"max-image-preview:large","max-video-preview":"max-video-preview:-1"},"canonical":"https:\/\/gribeer.com\/en\/product\/alquiler-grifo-de-cerveza-con-30-litros-de-mahou-clasica\/","og_locale":"en_US","og_type":"article","og_title":"Alquiler grifo de cerveza con 30 Litros de Mahou Cl\u00e1sica - Gribeer","og_description":"Alquiler de grifo de cerveza port\u00e1til para casa con un barril de Mahou Cl\u00e1sica. Grifo de cerveza para fiestas y fin de semana en Madrid.","og_url":"https:\/\/gribeer.com\/en\/product\/alquiler-grifo-de-cerveza-con-30-litros-de-mahou-clasica\/","og_site_name":"Gribeer","article_modified_time":"2026-03-03T16:46:53+00:00","og_image":[{"width":1000,"height":1000,"url":"https:\/\/gribeer.com\/wp-content\/uploads\/2024\/06\/\u00a1Alquiler-grifo-de-cerveza-con-30-Litros-de-Mahou-Clasica.jpg","type":"image\/jpeg"}],"twitter_card":"summary_large_image","twitter_misc":{"Est. reading time":"1 minute"},"schema":{"@context":"https:\/\/schema.org","@graph":[{"@type":"WebPage","@id":"https:\/\/gribeer.com\/producto\/alquiler-grifo-de-cerveza-con-30-litros-de-mahou-clasica\/","url":"https:\/\/gribeer.com\/producto\/alquiler-grifo-de-cerveza-con-30-litros-de-mahou-clasica\/","name":"Alquiler grifo de cerveza con 30 Litros de Mahou Cl\u00e1sica - Gribeer","isPartOf":{"@id":"https:\/\/gribeer.com\/#website"},"primaryImageOfPage":{"@id":"https:\/\/gribeer.com\/producto\/alquiler-grifo-de-cerveza-con-30-litros-de-mahou-clasica\/#primaryimage"},"image":{"@id":"https:\/\/gribeer.com\/producto\/alquiler-grifo-de-cerveza-con-30-litros-de-mahou-clasica\/#primaryimage"},"thumbnailUrl":"https:\/\/gribeer.com\/wp-content\/uploads\/2024\/06\/\u00a1Alquiler-grifo-de-cerveza-con-30-Litros-de-Mahou-Clasica.jpg","datePublished":"2024-06-14T22:49:27+00:00","dateModified":"2026-03-03T16:46:53+00:00","description":"Alquiler de grifo de cerveza port\u00e1til para casa con un barril de Mahou Cl\u00e1sica. Grifo de cerveza para fiestas y fin de semana en Madrid.","breadcrumb":{"@id":"https:\/\/gribeer.com\/producto\/alquiler-grifo-de-cerveza-con-30-litros-de-mahou-clasica\/#breadcrumb"},"inLanguage":"en-US","potentialAction":[{"@type":"ReadAction","target":["https:\/\/gribeer.com\/producto\/alquiler-grifo-de-cerveza-con-30-litros-de-mahou-clasica\/"]}]},{"@type":"ImageObject","inLanguage":"en-US","@id":"https:\/\/gribeer.com\/producto\/alquiler-grifo-de-cerveza-con-30-litros-de-mahou-clasica\/#primaryimage","url":"https:\/\/gribeer.com\/wp-content\/uploads\/2024\/06\/\u00a1Alquiler-grifo-de-cerveza-con-30-Litros-de-Mahou-Clasica.jpg","contentUrl":"https:\/\/gribeer.com\/wp-content\/uploads\/2024\/06\/\u00a1Alquiler-grifo-de-cerveza-con-30-Litros-de-Mahou-Clasica.jpg","width":1000,"height":1000},{"@type":"BreadcrumbList","@id":"https:\/\/gribeer.com\/producto\/alquiler-grifo-de-cerveza-con-30-litros-de-mahou-clasica\/#breadcrumb","itemListElement":[{"@type":"ListItem","position":1,"name":"Portada","item":"https:\/\/gribeer.com\/"},{"@type":"ListItem","position":2,"name":"Tienda","item":"https:\/\/gribeer.com\/compra-de-barriles-de-cerveza\/"},{"@type":"ListItem","position":3,"name":"Alquiler grifo de cerveza con 30 Litros de Mahou Cl\u00e1sica"}]},{"@type":"WebSite","@id":"https:\/\/gribeer.com\/#website","url":"https:\/\/gribeer.com\/","name":"Gribeer","description":"Alquiler de Grifos de Cerveza en Madrid y Servicio de Bebidas para Eventos y Fiestas","publisher":{"@id":"https:\/\/gribeer.com\/#organization"},"potentialAction":[{"@type":"SearchAction","target":{"@type":"EntryPoint","urlTemplate":"https:\/\/gribeer.com\/?s={search_term_string}"},"query-input":{"@type":"PropertyValueSpecification","valueRequired":true,"valueName":"search_term_string"}}],"inLanguage":"en-US"},{"@type":"Organization","@id":"https:\/\/gribeer.com\/#organization","name":"Gribeer","url":"https:\/\/gribeer.com\/","logo":{"@type":"ImageObject","inLanguage":"en-US","@id":"https:\/\/gribeer.com\/#\/schema\/logo\/image\/","url":"https:\/\/gribeer.com\/wp-content\/uploads\/2024\/05\/Logo-GriBeer-e1585653685867-3.png","contentUrl":"https:\/\/gribeer.com\/wp-content\/uploads\/2024\/05\/Logo-GriBeer-e1585653685867-3.png","width":522,"height":210,"caption":"Gribeer"},"image":{"@id":"https:\/\/gribeer.com\/#\/schema\/logo\/image\/"}}]}},"jetpack_sharing_enabled":true,"_links":{"self":[{"href":"https:\/\/gribeer.com\/en\/wp-json\/wp\/v2\/product\/1389","targetHints":{"allow":["GET"]}}],"collection":[{"href":"https:\/\/gribeer.com\/en\/wp-json\/wp\/v2\/product"}],"about":[{"href":"https:\/\/gribeer.com\/en\/wp-json\/wp\/v2\/types\/product"}],"wp:featuredmedia":[{"embeddable":true,"href":"https:\/\/gribeer.com\/en\/wp-json\/wp\/v2\/media\/1420"}],"wp:attachment":[{"href":"https:\/\/gribeer.com\/en\/wp-json\/wp\/v2\/media?parent=1389"}],"wp:term":[{"taxonomy":"product_brand","embeddable":true,"href":"https:\/\/gribeer.com\/en\/wp-json\/wp\/v2\/product_brand?post=1389"},{"taxonomy":"product_cat","embeddable":true,"href":"https:\/\/gribeer.com\/en\/wp-json\/wp\/v2\/product_cat?post=1389"},{"taxonomy":"product_tag","embeddable":true,"href":"https:\/\/gribeer.com\/en\/wp-json\/wp\/v2\/product_tag?post=1389"}],"curies":[{"name":"wp","href":"https:\/\/api.w.org\/{rel}","templated":true}]}}