{"id":1481,"date":"2024-06-19T19:07:59","date_gmt":"2024-06-19T19:07:59","guid":{"rendered":"https:\/\/gribeer.com\/?post_type=product&#038;p=1481"},"modified":"2026-03-24T09:04:49","modified_gmt":"2026-03-24T09:04:49","slug":"barril-pilsner-urquell-30-litros","status":"publish","type":"product","link":"https:\/\/gribeer.com\/en\/product\/barril-pilsner-urquell-30-litros\/","title":{"rendered":"Barril Pilsner Urquell 30 Litros"},"content":{"rendered":"","protected":false},"excerpt":{"rendered":"<p><span style=\"font-weight: 400;\">Una de las cervezas Lager m\u00e1s populares de todo el mundo.<br \/>\n<\/span><span style=\"font-size: 1rem; letter-spacing: 0px;\">Estos barriles disponen del enganche tipo \u00abS\u00bb.<\/span><\/p>\n<p><span style=\"font-weight: 400;\"><em><strong>CATA<\/strong><\/em><br \/>\n<\/span><span style=\"font-size: 1rem; letter-spacing: 0px;\"><em>Aroma:<\/em><br \/>\n<\/span><span style=\"font-size: 1rem; letter-spacing: 0px;\">Floral como resultado del uso de los l\u00fapulos Saaz, una variedad noble del l\u00fapulo.<\/span><\/p>\n<p><em><span style=\"font-weight: 400;\">Sabor:<\/span><\/em><span style=\"font-weight: 400;\"><br \/>\n<\/span><span style=\"font-weight: 400;\">Se considera limpia (no afrutada). Adem\u00e1s, sabe fuertemente a malta en comparaci\u00f3n con otras cervezas Pilsner, debido al uso de una maceraci\u00f3n de decocci\u00f3n.<\/span><\/p>\n<p><span style=\"font-weight: 400;\"><em><strong>HISTORIA<\/strong><\/em><br \/>\n<\/span><span style=\"font-size: 1rem; letter-spacing: 0px;\">Es la primera cerveza pilsener de la historia, elaborada por el cervecero b\u00e1varo Josef Groll en 1842.<\/span><\/p>\n<p><span style=\"font-weight: 400;\"><em><strong>A\u00d1O DE LANZAMIENTO<\/strong><\/em><br \/>\n<\/span><span style=\"font-size: 1rem; letter-spacing: 0px;\">1842<br \/>\n<\/span><em style=\"font-size: 1rem; letter-spacing: 0px;\"><strong>GRADO ALCOH\u00d3LICO<br \/>\n<\/strong><\/em><span style=\"font-size: 1rem; letter-spacing: 0px;\">4,4% Vol<\/span><\/p>\n<p><em><strong>ATENCI\u00d3N:<\/strong><\/em><br \/>\n<span style=\"font-size: 1rem; letter-spacing: 0px;\">Le llevamos el barril a casa, lo instalamos y se lo sustituimos por uno vac\u00edo. Si no dispone de un barril vac\u00edo, puede comprar un\u00a0<a href=\"https:\/\/gribeer.com\/en\/product\/fianza-de-barril\/\" target=\"_blank\" rel=\"noopener\"><b>barril de Cerveza con fianza (haga click aqu\u00ed)<\/b><\/a>. La fianza se solicitar\u00e1 \u00fanicamente para el primer barril y los siguientes ser\u00e1n sustituidos por el vac\u00edo.\u00a0 Si lo desea, tambi\u00e9n le podemos entregarle la fianza en la devoluci\u00f3n del barril.<\/span><\/p>","protected":false},"featured_media":1482,"template":"","meta":{"_monsterinsights_skip_tracking":false,"_monsterinsights_sitenote_active":false,"_monsterinsights_sitenote_note":"","_monsterinsights_sitenote_category":0,"_joinchat":[]},"product_brand":[],"product_cat":[24],"product_tag":[],"class_list":{"0":"post-1481","1":"product","2":"type-product","3":"status-publish","4":"has-post-thumbnail","6":"product_cat-barriles-de-cerveza","7":"product_shipping_class-barriles","9":"first","10":"instock","11":"taxable","12":"shipping-taxable","13":"purchasable","14":"product-type-simple"},"yoast_head":"<!-- This site is optimized with the Yoast SEO plugin v27.4 - https:\/\/yoast.com\/product\/yoast-seo-wordpress\/ -->\n<title>Barril Pilsner Urquell 30 Litros - Gribeer<\/title>\n<meta name=\"description\" content=\"Cerveza lager checa con sabor maltoso y limpio. Enganche tipo S. Entrega r\u00e1pida en Madrid. Perfecta para eventos. Entra.\" \/>\n<meta name=\"robots\" content=\"index, follow, max-snippet:-1, max-image-preview:large, max-video-preview:-1\" \/>\n<link rel=\"canonical\" href=\"https:\/\/gribeer.com\/en\/product\/barril-pilsner-urquell-30-litros\/\" \/>\n<meta property=\"og:locale\" content=\"en_US\" \/>\n<meta property=\"og:type\" content=\"article\" \/>\n<meta property=\"og:title\" content=\"Barril Pilsner Urquell 30 Litros - Gribeer\" \/>\n<meta property=\"og:description\" content=\"Cerveza lager checa con sabor maltoso y limpio. Enganche tipo S. Entrega r\u00e1pida en Madrid. Perfecta para eventos. Entra.\" \/>\n<meta property=\"og:url\" content=\"https:\/\/gribeer.com\/en\/product\/barril-pilsner-urquell-30-litros\/\" \/>\n<meta property=\"og:site_name\" content=\"Gribeer\" \/>\n<meta property=\"article:modified_time\" content=\"2026-03-24T09:04:49+00:00\" \/>\n<meta property=\"og:image\" content=\"https:\/\/gribeer.com\/wp-content\/uploads\/2024\/06\/pilsner-urquell-barril.jpg\" \/>\n\t<meta property=\"og:image:width\" content=\"1000\" \/>\n\t<meta property=\"og:image:height\" content=\"1000\" \/>\n\t<meta property=\"og:image:type\" content=\"image\/jpeg\" \/>\n<meta name=\"twitter:card\" content=\"summary_large_image\" \/>\n<meta name=\"twitter:label1\" content=\"Est. reading time\" \/>\n\t<meta name=\"twitter:data1\" content=\"1 minute\" \/>\n<script type=\"application\/ld+json\" class=\"yoast-schema-graph\">{\"@context\":\"https:\\\/\\\/schema.org\",\"@graph\":[{\"@type\":\"WebPage\",\"@id\":\"https:\\\/\\\/gribeer.com\\\/producto\\\/barril-pilsner-urquell-30-litros\\\/\",\"url\":\"https:\\\/\\\/gribeer.com\\\/producto\\\/barril-pilsner-urquell-30-litros\\\/\",\"name\":\"Barril Pilsner Urquell 30 Litros - Gribeer\",\"isPartOf\":{\"@id\":\"https:\\\/\\\/gribeer.com\\\/#website\"},\"primaryImageOfPage\":{\"@id\":\"https:\\\/\\\/gribeer.com\\\/producto\\\/barril-pilsner-urquell-30-litros\\\/#primaryimage\"},\"image\":{\"@id\":\"https:\\\/\\\/gribeer.com\\\/producto\\\/barril-pilsner-urquell-30-litros\\\/#primaryimage\"},\"thumbnailUrl\":\"https:\\\/\\\/gribeer.com\\\/wp-content\\\/uploads\\\/2024\\\/06\\\/pilsner-urquell-barril.jpg\",\"datePublished\":\"2024-06-19T19:07:59+00:00\",\"dateModified\":\"2026-03-24T09:04:49+00:00\",\"description\":\"Cerveza lager checa con sabor maltoso y limpio. Enganche tipo S. Entrega r\u00e1pida en Madrid. Perfecta para eventos. Entra.\",\"breadcrumb\":{\"@id\":\"https:\\\/\\\/gribeer.com\\\/producto\\\/barril-pilsner-urquell-30-litros\\\/#breadcrumb\"},\"inLanguage\":\"en-US\",\"potentialAction\":[{\"@type\":\"ReadAction\",\"target\":[\"https:\\\/\\\/gribeer.com\\\/producto\\\/barril-pilsner-urquell-30-litros\\\/\"]}]},{\"@type\":\"ImageObject\",\"inLanguage\":\"en-US\",\"@id\":\"https:\\\/\\\/gribeer.com\\\/producto\\\/barril-pilsner-urquell-30-litros\\\/#primaryimage\",\"url\":\"https:\\\/\\\/gribeer.com\\\/wp-content\\\/uploads\\\/2024\\\/06\\\/pilsner-urquell-barril.jpg\",\"contentUrl\":\"https:\\\/\\\/gribeer.com\\\/wp-content\\\/uploads\\\/2024\\\/06\\\/pilsner-urquell-barril.jpg\",\"width\":1000,\"height\":1000},{\"@type\":\"BreadcrumbList\",\"@id\":\"https:\\\/\\\/gribeer.com\\\/producto\\\/barril-pilsner-urquell-30-litros\\\/#breadcrumb\",\"itemListElement\":[{\"@type\":\"ListItem\",\"position\":1,\"name\":\"Portada\",\"item\":\"https:\\\/\\\/gribeer.com\\\/\"},{\"@type\":\"ListItem\",\"position\":2,\"name\":\"Tienda\",\"item\":\"https:\\\/\\\/gribeer.com\\\/compra-de-barriles-de-cerveza\\\/\"},{\"@type\":\"ListItem\",\"position\":3,\"name\":\"Barril Pilsner Urquell 30 Litros\"}]},{\"@type\":\"WebSite\",\"@id\":\"https:\\\/\\\/gribeer.com\\\/#website\",\"url\":\"https:\\\/\\\/gribeer.com\\\/\",\"name\":\"Gribeer\",\"description\":\"Alquiler de Grifos de Cerveza en Madrid y Servicio de Bebidas para Eventos y Fiestas\",\"publisher\":{\"@id\":\"https:\\\/\\\/gribeer.com\\\/#organization\"},\"potentialAction\":[{\"@type\":\"SearchAction\",\"target\":{\"@type\":\"EntryPoint\",\"urlTemplate\":\"https:\\\/\\\/gribeer.com\\\/?s={search_term_string}\"},\"query-input\":{\"@type\":\"PropertyValueSpecification\",\"valueRequired\":true,\"valueName\":\"search_term_string\"}}],\"inLanguage\":\"en-US\"},{\"@type\":\"Organization\",\"@id\":\"https:\\\/\\\/gribeer.com\\\/#organization\",\"name\":\"Gribeer\",\"url\":\"https:\\\/\\\/gribeer.com\\\/\",\"logo\":{\"@type\":\"ImageObject\",\"inLanguage\":\"en-US\",\"@id\":\"https:\\\/\\\/gribeer.com\\\/#\\\/schema\\\/logo\\\/image\\\/\",\"url\":\"https:\\\/\\\/gribeer.com\\\/wp-content\\\/uploads\\\/2024\\\/05\\\/Logo-GriBeer-e1585653685867-3.png\",\"contentUrl\":\"https:\\\/\\\/gribeer.com\\\/wp-content\\\/uploads\\\/2024\\\/05\\\/Logo-GriBeer-e1585653685867-3.png\",\"width\":522,\"height\":210,\"caption\":\"Gribeer\"},\"image\":{\"@id\":\"https:\\\/\\\/gribeer.com\\\/#\\\/schema\\\/logo\\\/image\\\/\"}}]}<\/script>\n<!-- \/ Yoast SEO plugin. -->","yoast_head_json":{"title":"Barril Pilsner Urquell 30 Litros - Gribeer","description":"Cerveza lager checa con sabor maltoso y limpio. Enganche tipo S. Entrega r\u00e1pida en Madrid. Perfecta para eventos. Entra.","robots":{"index":"index","follow":"follow","max-snippet":"max-snippet:-1","max-image-preview":"max-image-preview:large","max-video-preview":"max-video-preview:-1"},"canonical":"https:\/\/gribeer.com\/en\/product\/barril-pilsner-urquell-30-litros\/","og_locale":"en_US","og_type":"article","og_title":"Barril Pilsner Urquell 30 Litros - Gribeer","og_description":"Cerveza lager checa con sabor maltoso y limpio. Enganche tipo S. Entrega r\u00e1pida en Madrid. Perfecta para eventos. Entra.","og_url":"https:\/\/gribeer.com\/en\/product\/barril-pilsner-urquell-30-litros\/","og_site_name":"Gribeer","article_modified_time":"2026-03-24T09:04:49+00:00","og_image":[{"width":1000,"height":1000,"url":"https:\/\/gribeer.com\/wp-content\/uploads\/2024\/06\/pilsner-urquell-barril.jpg","type":"image\/jpeg"}],"twitter_card":"summary_large_image","twitter_misc":{"Est. reading time":"1 minute"},"schema":{"@context":"https:\/\/schema.org","@graph":[{"@type":"WebPage","@id":"https:\/\/gribeer.com\/producto\/barril-pilsner-urquell-30-litros\/","url":"https:\/\/gribeer.com\/producto\/barril-pilsner-urquell-30-litros\/","name":"Barril Pilsner Urquell 30 Litros - Gribeer","isPartOf":{"@id":"https:\/\/gribeer.com\/#website"},"primaryImageOfPage":{"@id":"https:\/\/gribeer.com\/producto\/barril-pilsner-urquell-30-litros\/#primaryimage"},"image":{"@id":"https:\/\/gribeer.com\/producto\/barril-pilsner-urquell-30-litros\/#primaryimage"},"thumbnailUrl":"https:\/\/gribeer.com\/wp-content\/uploads\/2024\/06\/pilsner-urquell-barril.jpg","datePublished":"2024-06-19T19:07:59+00:00","dateModified":"2026-03-24T09:04:49+00:00","description":"Cerveza lager checa con sabor maltoso y limpio. Enganche tipo S. Entrega r\u00e1pida en Madrid. Perfecta para eventos. Entra.","breadcrumb":{"@id":"https:\/\/gribeer.com\/producto\/barril-pilsner-urquell-30-litros\/#breadcrumb"},"inLanguage":"en-US","potentialAction":[{"@type":"ReadAction","target":["https:\/\/gribeer.com\/producto\/barril-pilsner-urquell-30-litros\/"]}]},{"@type":"ImageObject","inLanguage":"en-US","@id":"https:\/\/gribeer.com\/producto\/barril-pilsner-urquell-30-litros\/#primaryimage","url":"https:\/\/gribeer.com\/wp-content\/uploads\/2024\/06\/pilsner-urquell-barril.jpg","contentUrl":"https:\/\/gribeer.com\/wp-content\/uploads\/2024\/06\/pilsner-urquell-barril.jpg","width":1000,"height":1000},{"@type":"BreadcrumbList","@id":"https:\/\/gribeer.com\/producto\/barril-pilsner-urquell-30-litros\/#breadcrumb","itemListElement":[{"@type":"ListItem","position":1,"name":"Portada","item":"https:\/\/gribeer.com\/"},{"@type":"ListItem","position":2,"name":"Tienda","item":"https:\/\/gribeer.com\/compra-de-barriles-de-cerveza\/"},{"@type":"ListItem","position":3,"name":"Barril Pilsner Urquell 30 Litros"}]},{"@type":"WebSite","@id":"https:\/\/gribeer.com\/#website","url":"https:\/\/gribeer.com\/","name":"Gribeer","description":"Alquiler de Grifos de Cerveza en Madrid y Servicio de Bebidas para Eventos y Fiestas","publisher":{"@id":"https:\/\/gribeer.com\/#organization"},"potentialAction":[{"@type":"SearchAction","target":{"@type":"EntryPoint","urlTemplate":"https:\/\/gribeer.com\/?s={search_term_string}"},"query-input":{"@type":"PropertyValueSpecification","valueRequired":true,"valueName":"search_term_string"}}],"inLanguage":"en-US"},{"@type":"Organization","@id":"https:\/\/gribeer.com\/#organization","name":"Gribeer","url":"https:\/\/gribeer.com\/","logo":{"@type":"ImageObject","inLanguage":"en-US","@id":"https:\/\/gribeer.com\/#\/schema\/logo\/image\/","url":"https:\/\/gribeer.com\/wp-content\/uploads\/2024\/05\/Logo-GriBeer-e1585653685867-3.png","contentUrl":"https:\/\/gribeer.com\/wp-content\/uploads\/2024\/05\/Logo-GriBeer-e1585653685867-3.png","width":522,"height":210,"caption":"Gribeer"},"image":{"@id":"https:\/\/gribeer.com\/#\/schema\/logo\/image\/"}}]}},"jetpack_sharing_enabled":true,"_links":{"self":[{"href":"https:\/\/gribeer.com\/en\/wp-json\/wp\/v2\/product\/1481","targetHints":{"allow":["GET"]}}],"collection":[{"href":"https:\/\/gribeer.com\/en\/wp-json\/wp\/v2\/product"}],"about":[{"href":"https:\/\/gribeer.com\/en\/wp-json\/wp\/v2\/types\/product"}],"wp:featuredmedia":[{"embeddable":true,"href":"https:\/\/gribeer.com\/en\/wp-json\/wp\/v2\/media\/1482"}],"wp:attachment":[{"href":"https:\/\/gribeer.com\/en\/wp-json\/wp\/v2\/media?parent=1481"}],"wp:term":[{"taxonomy":"product_brand","embeddable":true,"href":"https:\/\/gribeer.com\/en\/wp-json\/wp\/v2\/product_brand?post=1481"},{"taxonomy":"product_cat","embeddable":true,"href":"https:\/\/gribeer.com\/en\/wp-json\/wp\/v2\/product_cat?post=1481"},{"taxonomy":"product_tag","embeddable":true,"href":"https:\/\/gribeer.com\/en\/wp-json\/wp\/v2\/product_tag?post=1481"}],"curies":[{"name":"wp","href":"https:\/\/api.w.org\/{rel}","templated":true}]}}